{"id":126,"date":"2019-02-07T12:49:38","date_gmt":"2019-02-07T12:49:38","guid":{"rendered":"https:\/\/demo.shuttlethemes.com\/shuttle-pro\/?page_id=126"},"modified":"2019-05-03T06:39:50","modified_gmt":"2019-05-03T06:39:50","slug":"home-shuttle","status":"publish","type":"page","link":"https:\/\/aplasticos.com\/blog\/","title":{"rendered":"Home"},"content":{"rendered":"<div id=\"pl-126\"  class=\"panel-layout\" >\n<div id=\"pg-126-0\"  class=\"panel-grid panel-no-style\"  data-style=\"{&quot;background_image_attachment&quot;:false,&quot;background_display&quot;:&quot;tile&quot;,&quot;cell_alignment&quot;:&quot;flex-start&quot;}\"  data-ratio=\"1\"  data-ratio-direction=\"left\"  data-color-label=\"1\" >\n<div id=\"pgc-126-0-0\"  class=\"panel-grid-cell\"  data-weight=\"1\" >\n<div id=\"panel-126-0-0-0\" class=\"so-panel widget panel-first-child\" data-index=\"0\" data-style=\"{&quot;background_image_attachment&quot;:false,&quot;background_display&quot;:&quot;tile&quot;}\" ><\/div>\n<div id=\"panel-126-0-0-1\" class=\"so-panel widget\" data-index=\"1\" data-style=\"{&quot;background_image_attachment&quot;:false,&quot;background_display&quot;:&quot;center&quot;}\" ><\/div>\n<div id=\"panel-126-0-0-2\" class=\"so-panel widget widget_siteorigin-panels-builder panel-last-child\" data-index=\"2\" data-style=\"{&quot;widget_css&quot;:&quot;.aligncenter {\\n    display: block;\\n}&quot;,&quot;background_image_attachment&quot;:false,&quot;background_display&quot;:&quot;tile&quot;}\" >\n<div id=\"pl-w5bd0cb233a725\"  class=\"panel-layout\" >\n<div id=\"pg-w5bd0cb233a725-0\"  class=\"panel-grid panel-no-style\"  data-style=\"{&quot;id&quot;:&quot;&quot;,&quot;class&quot;:&quot;&quot;,&quot;cell_class&quot;:&quot;&quot;,&quot;row_css&quot;:&quot;&quot;,&quot;mobile_css&quot;:&quot;&quot;,&quot;bottom_margin&quot;:&quot;&quot;,&quot;gutter&quot;:&quot;&quot;,&quot;padding&quot;:&quot;&quot;,&quot;mobile_padding&quot;:&quot;&quot;,&quot;row_stretch&quot;:&quot;&quot;,&quot;collapse_behaviour&quot;:&quot;&quot;,&quot;collapse_order&quot;:&quot;&quot;,&quot;cell_alignment&quot;:&quot;flex-start&quot;,&quot;background&quot;:&quot;&quot;,&quot;background_image_attachment&quot;:&quot;0&quot;,&quot;background_image_attachment_fallback&quot;:&quot;&quot;,&quot;background_display&quot;:&quot;tile&quot;,&quot;border_color&quot;:&quot;&quot;}\"  data-ratio=\"1\"  data-ratio-direction=\"right\" >\n<div id=\"pgc-w5bd0cb233a725-0-0\"  class=\"panel-grid-cell\"  data-weight=\"1\" >\n<div id=\"panel-w5bd0cb233a725-0-0-0\" class=\"so-panel widget widget_text panel-first-child panel-last-child\" data-index=\"0\" data-style=\"{&quot;id&quot;:&quot;&quot;,&quot;class&quot;:&quot;&quot;,&quot;widget_css&quot;:&quot;&quot;,&quot;mobile_css&quot;:&quot;&quot;,&quot;margin&quot;:&quot;20px 5px 5px 20px&quot;,&quot;padding&quot;:&quot;10px 10px 5px 10px&quot;,&quot;mobile_padding&quot;:&quot;&quot;,&quot;background&quot;:&quot;&quot;,&quot;background_image_attachment&quot;:&quot;0&quot;,&quot;background_image_attachment_fallback&quot;:&quot;&quot;,&quot;background_display&quot;:&quot;tile&quot;,&quot;border_color&quot;:&quot;&quot;,&quot;font_color&quot;:&quot;&quot;,&quot;link_color&quot;:&quot;&quot;}\" >\n<div class=\"panel-widget-style panel-widget-style-for-w5bd0cb233a725-0-0-0\" >\n<h3 class=\"widget-title\">Somos Una Empresa responsable con el medio ambiente y t\u00fa salud.<\/h3>\n<div class=\"textwidget\">\n<p><img decoding=\"async\" class=\"wp-image-1496 alignleft\" src=\"http:\/\/aplasticos.com\/blog\/wp-content\/uploads\/2018\/10\/bpa-free.png\" alt=\"\" width=\"174\" height=\"94\" \/>Somos una empresas responsables que no usamos t\u00f3xicos sabiendo como todos lo peligrosos que son, deben ser recompensadas por el consumidor y las otras, castigadas. Act\u00faa con conciencia, compra con sentido com\u00fan y evita los t\u00f3xicos y las empresas irresponsables.<\/p>\n<\/div><\/div>\n<\/div>\n<\/div>\n<\/div>\n<div id=\"pg-w5bd0cb233a725-1\"  class=\"panel-grid panel-no-style\"  data-style=\"{&quot;id&quot;:&quot;&quot;,&quot;class&quot;:&quot;&quot;,&quot;cell_class&quot;:&quot;&quot;,&quot;row_css&quot;:&quot;&quot;,&quot;mobile_css&quot;:&quot;&quot;,&quot;bottom_margin&quot;:&quot;&quot;,&quot;gutter&quot;:&quot;&quot;,&quot;padding&quot;:&quot;&quot;,&quot;mobile_padding&quot;:&quot;&quot;,&quot;row_stretch&quot;:&quot;&quot;,&quot;collapse_behaviour&quot;:&quot;&quot;,&quot;collapse_order&quot;:&quot;&quot;,&quot;cell_alignment&quot;:&quot;flex-start&quot;,&quot;background&quot;:&quot;&quot;,&quot;background_image_attachment&quot;:&quot;0&quot;,&quot;background_image_attachment_fallback&quot;:&quot;&quot;,&quot;background_display&quot;:&quot;tile&quot;,&quot;border_color&quot;:&quot;&quot;}\"  data-ratio=\"1\"  data-ratio-direction=\"right\" >\n<div id=\"pgc-w5bd0cb233a725-1-0\"  class=\"panel-grid-cell panel-grid-cell-empty\"  data-weight=\"1\" ><\/div>\n<\/div>\n<\/div>\n<style type=\"text\/css\" class=\"panels-style\" data-panels-style-for-post=\"w5bd0cb233a725\">@import url(http:\/\/aplasticos.com\/blog\/wp-content\/plugins\/siteorigin-panels\/css\/front-flex.min.css); #pgc-w5bd0cb233a725-0-0 , #pgc-w5bd0cb233a725-1-0 { width:100% } #pl-w5bd0cb233a725 #panel-w5bd0cb233a725-0-0-0 { margin:20px 5px 5px 20px } #pg-w5bd0cb233a725-0 , #pg-w5bd0cb233a725-1 , #pl-w5bd0cb233a725 .so-panel { margin-bottom:px } #pl-w5bd0cb233a725 .so-panel:last-child { margin-bottom:0px } #pg-w5bd0cb233a725-0.panel-no-style, #pg-w5bd0cb233a725-0.panel-has-style > .panel-row-style , #pg-w5bd0cb233a725-1.panel-no-style, #pg-w5bd0cb233a725-1.panel-has-style > .panel-row-style { -webkit-align-items:flex-start;align-items:flex-start } #panel-w5bd0cb233a725-0-0-0> .panel-widget-style { padding:10px 10px 5px 10px } @media (max-width:320px){ #pg-w5bd0cb233a725-0.panel-no-style, #pg-w5bd0cb233a725-0.panel-has-style > .panel-row-style , #pg-w5bd0cb233a725-1.panel-no-style, #pg-w5bd0cb233a725-1.panel-has-style > .panel-row-style { -webkit-flex-direction:column;-ms-flex-direction:column;flex-direction:column } #pg-w5bd0cb233a725-0 > .panel-grid-cell , #pg-w5bd0cb233a725-0 > .panel-row-style > .panel-grid-cell , #pg-w5bd0cb233a725-1 > .panel-grid-cell , #pg-w5bd0cb233a725-1 > .panel-row-style > .panel-grid-cell { width:100%;margin-right:0 } #pl-w5bd0cb233a725 .panel-grid-cell { padding:0 } #pl-w5bd0cb233a725 .panel-grid .panel-grid-cell-empty { display:none } #pl-w5bd0cb233a725 .panel-grid .panel-grid-cell-mobile-last { margin-bottom:0px } } <\/style>\n<\/div>\n<\/div>\n<\/div>\n<\/div>\n<style type=\"text\/css\" class=\"panels-style\" data-panels-style-for-post=\"126\">@import url(http:\/\/aplasticos.com\/blog\/wp-content\/plugins\/siteorigin-panels\/css\/front-flex.min.css); #pgc-126-0-0 { width:100% } #pl-126 #panel-126-0-0-0 , #pl-126 #panel-126-0-0-1 , #pl-126 #panel-126-0-0-2 {  } #pg-126-0 , #pl-126 .so-panel { margin-bottom:px } #pl-126 .so-panel:last-child { margin-bottom:0px } #pg-126-0.panel-no-style, #pg-126-0.panel-has-style > .panel-row-style { -webkit-align-items:flex-start;align-items:flex-start } @media (max-width:320px){ #pg-126-0.panel-no-style, #pg-126-0.panel-has-style > .panel-row-style { -webkit-flex-direction:column;-ms-flex-direction:column;flex-direction:column } #pg-126-0 > .panel-grid-cell , #pg-126-0 > .panel-row-style > .panel-grid-cell { width:100%;margin-right:0 } #pl-126 .panel-grid-cell { padding:0 } #pl-126 .panel-grid .panel-grid-cell-empty { display:none } #pl-126 .panel-grid .panel-grid-cell-mobile-last { margin-bottom:0px }  } <\/style>\n","protected":false},"excerpt":{"rendered":"<p>Somos Una Empresa responsable con el medio ambiente y t\u00fa salud. Somos una empresas responsables que no usamos t\u00f3xicos sabiendo como todos lo peligrosos que son, deben ser recompensadas por el consumidor y las otras, castigadas. Act\u00faa con conciencia, compra con sentido com\u00fan y evita los t\u00f3xicos y las empresas irresponsables.<\/p>\n","protected":false},"author":1,"featured_media":0,"parent":0,"menu_order":0,"comment_status":"closed","ping_status":"closed","template":"","meta":{"_joinchat":[],"footnotes":""},"categories":[],"tags":[],"_links":{"self":[{"href":"https:\/\/aplasticos.com\/blog\/index.php?rest_route=\/wp\/v2\/pages\/126"}],"collection":[{"href":"https:\/\/aplasticos.com\/blog\/index.php?rest_route=\/wp\/v2\/pages"}],"about":[{"href":"https:\/\/aplasticos.com\/blog\/index.php?rest_route=\/wp\/v2\/types\/page"}],"author":[{"embeddable":true,"href":"https:\/\/aplasticos.com\/blog\/index.php?rest_route=\/wp\/v2\/users\/1"}],"replies":[{"embeddable":true,"href":"https:\/\/aplasticos.com\/blog\/index.php?rest_route=%2Fwp%2Fv2%2Fcomments&post=126"}],"version-history":[{"count":0,"href":"https:\/\/aplasticos.com\/blog\/index.php?rest_route=\/wp\/v2\/pages\/126\/revisions"}],"wp:attachment":[{"href":"https:\/\/aplasticos.com\/blog\/index.php?rest_route=%2Fwp%2Fv2%2Fmedia&parent=126"}],"wp:term":[{"taxonomy":"category","embeddable":true,"href":"https:\/\/aplasticos.com\/blog\/index.php?rest_route=%2Fwp%2Fv2%2Fcategories&post=126"},{"taxonomy":"post_tag","embeddable":true,"href":"https:\/\/aplasticos.com\/blog\/index.php?rest_route=%2Fwp%2Fv2%2Ftags&post=126"}],"curies":[{"name":"wp","href":"https:\/\/api.w.org\/{rel}","templated":true}]}}